{"id":112,"date":"2021-11-13T14:07:18","date_gmt":"2021-11-13T14:07:18","guid":{"rendered":"http:\/\/www.atiyeyilmaz.av.tr\/?page_id=112"},"modified":"2021-11-13T14:58:34","modified_gmt":"2021-11-13T14:58:34","slug":"hakkimizda","status":"publish","type":"page","link":"http:\/\/www.atiyeyilmaz.av.tr\/?page_id=112","title":{"rendered":"Av. Atiye Y\u0131lmaz"},"content":{"rendered":"\n<blockquote class=\"wp-block-quote has-text-align-center is-style-large\"><p>Av. Atiye Y\u0131lmaz; Aile ve Bo\u015fanma Hukuku, Ceza Hukuku, Gayrimenkul Hukuku, \u0130cra ve \u0130flas Hukuku, \u0130dare Hukuku, \u0130\u015f Hukuku, Miras Hukuku, Sigorta Hukuku alanlar\u0131nda uzmanla\u015fm\u0131\u015f ve bu alanlarda hizmet vermektedir.<\/p><\/blockquote>\n\n\n\n<div class=\"wp-block-columns are-vertically-aligned-center\">\n<div class=\"wp-block-column is-vertically-aligned-center\" style=\"flex-basis:100%\">\n<div class=\"wp-block-group\"><div class=\"wp-block-group__inner-container\"><\/div><\/div>\n<\/div>\n<\/div>\n","protected":false},"excerpt":{"rendered":"<p>Av. Atiye Y\u0131lmaz; Aile ve Bo\u015fanma Hukuku, Ceza Hukuku, Gayrimenkul Hukuku, \u0130cra ve \u0130flas Hukuku, \u0130dare Hukuku, \u0130\u015f Hukuku, Miras Hukuku, Sigorta Hukuku alanlar\u0131nda uzmanla\u015fm\u0131\u015f<\/p>\n","protected":false},"author":1,"featured_media":0,"parent":0,"menu_order":0,"comment_status":"closed","ping_status":"closed","template":"","meta":[],"_links":{"self":[{"href":"http:\/\/www.atiyeyilmaz.av.tr\/index.php?rest_route=\/wp\/v2\/pages\/112"}],"collection":[{"href":"http:\/\/www.atiyeyilmaz.av.tr\/index.php?rest_route=\/wp\/v2\/pages"}],"about":[{"href":"http:\/\/www.atiyeyilmaz.av.tr\/index.php?rest_route=\/wp\/v2\/types\/page"}],"author":[{"embeddable":true,"href":"http:\/\/www.atiyeyilmaz.av.tr\/index.php?rest_route=\/wp\/v2\/users\/1"}],"replies":[{"embeddable":true,"href":"http:\/\/www.atiyeyilmaz.av.tr\/index.php?rest_route=%2Fwp%2Fv2%2Fcomments&post=112"}],"version-history":[{"count":5,"href":"http:\/\/www.atiyeyilmaz.av.tr\/index.php?rest_route=\/wp\/v2\/pages\/112\/revisions"}],"predecessor-version":[{"id":152,"href":"http:\/\/www.atiyeyilmaz.av.tr\/index.php?rest_route=\/wp\/v2\/pages\/112\/revisions\/152"}],"wp:attachment":[{"href":"http:\/\/www.atiyeyilmaz.av.tr\/index.php?rest_route=%2Fwp%2Fv2%2Fmedia&parent=112"}],"curies":[{"name":"wp","href":"https:\/\/api.w.org\/{rel}","templated":true}]}}